{"id":10892,"date":"2021-09-28T10:12:48","date_gmt":"2021-09-28T09:12:48","guid":{"rendered":"https:\/\/grupoprisma.com\/politica-de-cookies\/"},"modified":"2022-05-09T16:14:43","modified_gmt":"2022-05-09T15:14:43","slug":"politica-de-cookies","status":"publish","type":"page","link":"https:\/\/grupoprisma.com\/pt-pt\/politica-de-cookies\/","title":{"rendered":"Pol\u00edtica de cookies"},"content":{"rendered":"\n[et_pb_section fb_built=&#8221;1&#8243; _builder_version=&#8221;4.9.10&#8243; _module_preset=&#8221;default&#8221; da_disable_devices=&#8221;off|off|off&#8221; da_is_popup=&#8221;off&#8221; da_exit_intent=&#8221;off&#8221; da_has_close=&#8221;on&#8221; da_alt_close=&#8221;off&#8221; da_dark_close=&#8221;off&#8221; da_not_modal=&#8221;on&#8221; da_is_singular=&#8221;off&#8221; da_with_loader=&#8221;off&#8221; da_has_shadow=&#8221;on&#8221;][et_pb_row _builder_version=&#8221;3.25&#8243; animation_style=&#8221;fade&#8221; locked=&#8221;off&#8221;][et_pb_column type=&#8221;4_4&#8243; _builder_version=&#8221;3.25&#8243; custom_padding=&#8221;|||&#8221; custom_padding__hover=&#8221;|||&#8221;][et_pb_text _builder_version=&#8221;4.9.10&#8243; text_font=&#8221;||||||||&#8221; header_font=&#8221;||||||||&#8221; header_2_font=&#8221;Playfair Display|700|||||||&#8221; header_2_font_size=&#8221;35px&#8221; header_2_letter_spacing=&#8221;1px&#8221; header_2_line_height=&#8221;1.4em&#8221; header_3_font=&#8221;Poppins|700||on|||||&#8221; header_3_text_color=&#8221;#edbb5f&#8221; header_3_font_size=&#8221;14px&#8221; header_3_letter_spacing=&#8221;1px&#8221; header_3_line_height=&#8221;2em&#8221; module_alignment=&#8221;center&#8221;]<h2>Pol\u00edtica de cookies<\/h2>[\/et_pb_text][et_pb_divider color=&#8221;#edbb5f&#8221; divider_weight=&#8221;2px&#8221; _builder_version=&#8221;3.2&#8243; max_width=&#8221;15%&#8221; module_alignment=&#8221;left&#8221; height=&#8221;2px&#8221;][\/et_pb_divider][et_pb_text _builder_version=&#8221;4.9.10&#8243; text_font=&#8221;Poppins||||||||&#8221; text_font_size=&#8221;15px&#8221; text_letter_spacing=&#8221;1px&#8221; text_line_height=&#8221;2em&#8221; module_alignment=&#8221;center&#8221; hover_enabled=&#8221;0&#8243; sticky_enabled=&#8221;0&#8243;]<div class=\"elementor-element elementor-element-7cf6e065 elementor-widget elementor-widget-text-editor\" data-id=\"7cf6e065\" data-element_type=\"widget\" data-widget_type=\"text-editor.default\">\n<div class=\"elementor-widget-container\">\n<div class=\"elementor-text-editor elementor-clearfix\">\n<p>Um <em>cookie<\/em> \u00e9 um pequeno arquivo de texto que \u00e9 armazenado no seu navegador quando visita quase qualquer p\u00e1gina web. A sua utilidade \u00e9 que a web \u00e9 capaz de se lembrar da sua visita quando navega novamente nessa p\u00e1gina. <em>Os cookies<\/em> normalmente armazenam informa\u00e7\u00f5es t\u00e9cnicas, prefer\u00eancias pessoais, personaliza\u00e7\u00e3o de conte\u00fados, estat\u00edsticas de utiliza\u00e7\u00e3o, links para redes sociais, acesso a contas de utilizador, etc. O objetivo do <em>cookie<\/em> \u00e9 adaptar o conte\u00fado do site ao seu perfil e <em>necessidades, sem cookies os servi\u00e7os oferecidos<\/em> por qualquer p\u00e1gina seriam significativamente reduzidos. Se quiser consultar mais informa\u00e7\u00f5es sobre quais s\u00e3o <em>os cookies<\/em>, o que armazenam, como elimin\u00e1-los, desativar, etc., <span style=\"color: #003366;\">\n  <a href=\"https:\/\/grupoprisma.com\/mas-informacion-sobre-las-cookies\/\" style=\"color: #003366;\">por favor, v\u00e1 a este link.<\/a>\n<\/span><\/p>\n<p>&nbsp;<\/p>\n<p><strong>Cookies utilizados neste site<\/strong><\/p>\n<p><strong><\/strong><\/p>\n<\/div>\n<\/div>\n<\/div>\n<div class=\"elementor-element elementor-element-f6037e1 elementor-widget elementor-widget-text-editor\" data-id=\"f6037e1\" data-element_type=\"widget\" data-widget_type=\"text-editor.default\">\n<div class=\"elementor-widget-container\">\n<div class=\"elementor-text-editor elementor-clearfix\">\n<p>Seguindo as diretrizes da Ag\u00eancia Espanhola de Prote\u00e7\u00e3o de Dados procedemos ao detalhe da utiliza\u00e7\u00e3o de<span> <\/span><em>cookies<\/em><span> <\/span>feitos por este website de forma a inform\u00e1-lo com a maior precis\u00e3o poss\u00edvel.<\/p>\n<p>Este site utiliza os seguintes cookies de primeira parte:<\/p>\n<ul>\n<li>Cookies de sess\u00e3o, para garantir que os utilizadores que escrevem coment\u00e1rios no blog s\u00e3o aplica\u00e7\u00f5es humanas e n\u00e3o automatizadas. Desta forma, o<span> <\/span><em>spam<\/em>.<\/li>\n<\/ul>\n<p>Este site utiliza os seguintes cookies de terceiros:<\/p>\n<ul>\n<li>Google Analytics: Loja<span> <\/span><em>Cookies<\/em><span> <\/span>para poder compilar estat\u00edsticas sobre o tr\u00e1fego e volume de visitas a este site. Ao utilizar este website est\u00e1 a consentir o processamento de informa\u00e7\u00f5es sobre si pelo Google. Portanto, o exerc\u00edcio de qualquer direito a este respeito deve ser feito comunicando diretamente com a Google.<\/li>\n<li>Redes sociais: Cada rede social utiliza os seus <em>pr\u00f3prios<\/em><span> <\/span> cookies <span> <\/span>para que possa clicar em bot\u00f5es como<span> <\/span><em>Like<\/em><span> <\/span>ou<span> <\/span><em>Share<\/em>.<\/li>\n<\/ul>\n<p>&nbsp;<\/p>\n<p><strong>Desativar ou apagar cookies<\/strong><\/p>\n<p><strong><\/strong><\/p>\n<\/div>\n<\/div>\n<\/div>\n<div class=\"elementor-element elementor-element-8560d5e elementor-widget elementor-widget-text-editor\" data-id=\"8560d5e\" data-element_type=\"widget\" data-widget_type=\"text-editor.default\">\n<div class=\"elementor-widget-container\">\n<div class=\"elementor-text-editor elementor-clearfix\">\n<p>A qualquer momento pode exercer o seu direito de desativar ou eliminar cookies deste website. Estas a\u00e7\u00f5es s\u00e3o realizadas de forma diferente dependendo do navegador que voc\u00ea est\u00e1 usando. Aqui est\u00e1 um guia r\u00e1pido para os navegadores mais populares.<\/p>\n<p>&nbsp;<\/p>\n<p><strong>Notas adicionais<\/strong><\/p>\n<p><strong><\/strong><\/p>\n<\/div>\n<\/div>\n<\/div>\n<div class=\"elementor-element elementor-element-d5e65fd elementor-widget elementor-widget-text-editor\" data-id=\"d5e65fd\" data-element_type=\"widget\" data-widget_type=\"text-editor.default\">\n<div class=\"elementor-widget-container\">\n<div class=\"elementor-text-editor elementor-clearfix\">\n<ul>\n<li>Nem este website nem os seus representantes legais s\u00e3o respons\u00e1veis pelo conte\u00fado ou pela veracidade das pol\u00edticas de privacidade que os terceiros mencionados nesta pol\u00edtica<span> <\/span> <em>de cookies<\/em> podem ter.<\/li>\n<li>Os navegadores da Web s\u00e3o as ferramentas respons\u00e1veis pelo armazenamento do<span> <\/span><em>Cookies<\/em><span> <\/span>e a partir deste lugar deve ter o direito de elimin\u00e1-los ou desativ\u00e1-los. Nem este website nem os seus representantes legais podem garantir a manipula\u00e7\u00e3o correta ou incorreta do<span> <\/span><em>Cookies<\/em><span> <\/span>pelos navegadores acima mencionados.<\/li>\n<li>Em alguns casos \u00e9 necess\u00e1rio instalar<span> <\/span><em>cookies<\/em><span> <\/span>para que o navegador n\u00e3o esque\u00e7a a sua decis\u00e3o de n\u00e3o os aceitar.<\/li>\n<li>No caso de<span> <\/span><em>Cookies<\/em><span> <\/span>do Google Analytics, esta empresa armazena o<span> <\/span><em>Cookies<\/em><span> <\/span>em servidores localizados nos Estados Unidos e compromete-se a n\u00e3o partilh\u00e1-lo com terceiros, exceto nos casos em que seja necess\u00e1rio para o funcionamento do sistema ou quando a lei o obriga a faz\u00ea-lo. De acordo com o Google, n\u00e3o guarda o seu endere\u00e7o IP. Google Inc. \u00e9 uma empresa aderente ao Acordo &#8220;Porto Seguro&#8221; que garante que todos os dados transferidos ser\u00e3o tratados com um n\u00edvel de prote\u00e7\u00e3o de acordo com as regulamenta\u00e7\u00f5es europeias. Pode consultar informa\u00e7\u00f5es detalhadas a este respeito<span> <\/span><span style=\"color: #003366;\">\n  <a href=\"http:\/\/safeharbor.export.gov\/companyinfo.aspx?id=16626\" style=\"color: #003366;\">neste elo<\/a>\n<\/span>. Se quiser informa\u00e7\u00f5es sobre o uso de cookies do Google<span> <\/span><span style=\"color: #003366;\"><a href=\"https:\/\/developers.google.com\/analytics\/devguides\/collection\/analyticsjs\/cookie-usage?hl=es&amp;csw=1\" style=\"color: #003366;\">anexamos este outro elo<\/a>.<\/span><\/li>\n<li>Para quaisquer d\u00favidas ou d\u00favidas sobre esta pol\u00edtica<span> <\/span> <em>de cookies<\/em><span> <\/span>n\u00e3o hesite em contactar-nos atrav\u00e9s da sec\u00e7\u00e3o de contacto.<\/li>\n<\/ul>\n<\/div>\n<\/div>\n<\/div>[\/et_pb_text][\/et_pb_column][\/et_pb_row][\/et_pb_section]\n","protected":false},"excerpt":{"rendered":"<p>Pol\u00edtica de cookies Um cookie \u00e9 um pequeno arquivo de texto que \u00e9 armazenado no seu navegador quando visita quase qualquer p\u00e1gina web. A sua utilidade \u00e9 que a web \u00e9 capaz de se lembrar da sua visita quando navega novamente nessa p\u00e1gina. Os cookies normalmente armazenam informa\u00e7\u00f5es t\u00e9cnicas, prefer\u00eancias pessoais, personaliza\u00e7\u00e3o de conte\u00fados, estat\u00edsticas [&hellip;]<\/p>\n","protected":false},"author":2,"featured_media":0,"parent":0,"menu_order":0,"comment_status":"closed","ping_status":"closed","template":"","meta":{"_et_pb_use_builder":"on","_et_pb_old_content":"","_et_gb_content_width":"","footnotes":""},"class_list":["post-10892","page","type-page","status-publish","hentry"],"yoast_head":"<!-- This site is optimized with the Yoast SEO plugin v19.10 - https:\/\/yoast.com\/wordpress\/plugins\/seo\/ -->\r\n<title>Pol\u00edtica de cookies - Grupo Prisma<\/title>\r\n<meta name=\"robots\" content=\"noindex, nofollow\" \/>\r\n<meta property=\"og:locale\" content=\"pt_PT\" \/>\r\n<meta property=\"og:type\" content=\"article\" \/>\r\n<meta property=\"og:title\" content=\"Pol\u00edtica de cookies - Grupo Prisma\" \/>\r\n<meta property=\"og:description\" content=\"Pol\u00edtica de cookies Um cookie \u00e9 um pequeno arquivo de texto que \u00e9 armazenado no seu navegador quando visita quase qualquer p\u00e1gina web. A sua utilidade \u00e9 que a web \u00e9 capaz de se lembrar da sua visita quando navega novamente nessa p\u00e1gina. Os cookies normalmente armazenam informa\u00e7\u00f5es t\u00e9cnicas, prefer\u00eancias pessoais, personaliza\u00e7\u00e3o de conte\u00fados, estat\u00edsticas [&hellip;]\" \/>\r\n<meta property=\"og:url\" content=\"https:\/\/grupoprisma.com\/pt-pt\/politica-de-cookies\/\" \/>\r\n<meta property=\"og:site_name\" content=\"Grupo Prisma\" \/>\r\n<meta property=\"article:modified_time\" content=\"2022-05-09T15:14:43+00:00\" \/>\r\n<meta name=\"twitter:card\" content=\"summary_large_image\" \/>\r\n<meta name=\"twitter:label1\" content=\"Tempo estimado de leitura\" \/>\n\t<meta name=\"twitter:data1\" content=\"4 minutos\" \/>\r\n<script type=\"application\/ld+json\" class=\"yoast-schema-graph\">{\"@context\":\"https:\/\/schema.org\",\"@graph\":[{\"@type\":\"WebPage\",\"@id\":\"https:\/\/grupoprisma.com\/pt-pt\/politica-de-cookies\/\",\"url\":\"https:\/\/grupoprisma.com\/pt-pt\/politica-de-cookies\/\",\"name\":\"Pol\u00edtica de cookies - Grupo Prisma\",\"isPartOf\":{\"@id\":\"https:\/\/grupoprisma.com\/pt-pt\/#website\"},\"datePublished\":\"2021-09-28T09:12:48+00:00\",\"dateModified\":\"2022-05-09T15:14:43+00:00\",\"inLanguage\":\"pt-PT\",\"potentialAction\":[{\"@type\":\"ReadAction\",\"target\":[\"https:\/\/grupoprisma.com\/pt-pt\/politica-de-cookies\/\"]}]},{\"@type\":\"WebSite\",\"@id\":\"https:\/\/grupoprisma.com\/pt-pt\/#website\",\"url\":\"https:\/\/grupoprisma.com\/pt-pt\/\",\"name\":\"Grupo Prisma\",\"description\":\"Prisma especialistas en automoci\u00f3n\",\"publisher\":{\"@id\":\"https:\/\/grupoprisma.com\/pt-pt\/#organization\"},\"potentialAction\":[{\"@type\":\"SearchAction\",\"target\":{\"@type\":\"EntryPoint\",\"urlTemplate\":\"https:\/\/grupoprisma.com\/pt-pt\/?s={search_term_string}\"},\"query-input\":\"required name=search_term_string\"}],\"inLanguage\":\"pt-PT\"},{\"@type\":\"Organization\",\"@id\":\"https:\/\/grupoprisma.com\/pt-pt\/#organization\",\"name\":\"Grupo Prisma: Especialistas en automoci\u00f3n\",\"url\":\"https:\/\/grupoprisma.com\/pt-pt\/\",\"logo\":{\"@type\":\"ImageObject\",\"inLanguage\":\"pt-PT\",\"@id\":\"https:\/\/grupoprisma.com\/pt-pt\/#\/schema\/logo\/image\/\",\"url\":\"https:\/\/grupoprisma.com\/wp-content\/uploads\/2022\/01\/logo-de-grupo-prisma-especialistas-en-automocion.png\",\"contentUrl\":\"https:\/\/grupoprisma.com\/wp-content\/uploads\/2022\/01\/logo-de-grupo-prisma-especialistas-en-automocion.png\",\"width\":4431,\"height\":500,\"caption\":\"Grupo Prisma: Especialistas en automoci\u00f3n\"},\"image\":{\"@id\":\"https:\/\/grupoprisma.com\/pt-pt\/#\/schema\/logo\/image\/\"}}]}<\/script>\r\n<!-- \/ Yoast SEO plugin. -->","yoast_head_json":{"title":"Pol\u00edtica de cookies - Grupo Prisma","robots":{"index":"noindex","follow":"nofollow"},"og_locale":"pt_PT","og_type":"article","og_title":"Pol\u00edtica de cookies - Grupo Prisma","og_description":"Pol\u00edtica de cookies Um cookie \u00e9 um pequeno arquivo de texto que \u00e9 armazenado no seu navegador quando visita quase qualquer p\u00e1gina web. A sua utilidade \u00e9 que a web \u00e9 capaz de se lembrar da sua visita quando navega novamente nessa p\u00e1gina. Os cookies normalmente armazenam informa\u00e7\u00f5es t\u00e9cnicas, prefer\u00eancias pessoais, personaliza\u00e7\u00e3o de conte\u00fados, estat\u00edsticas [&hellip;]","og_url":"https:\/\/grupoprisma.com\/pt-pt\/politica-de-cookies\/","og_site_name":"Grupo Prisma","article_modified_time":"2022-05-09T15:14:43+00:00","twitter_card":"summary_large_image","twitter_misc":{"Tempo estimado de leitura":"4 minutos"},"schema":{"@context":"https:\/\/schema.org","@graph":[{"@type":"WebPage","@id":"https:\/\/grupoprisma.com\/pt-pt\/politica-de-cookies\/","url":"https:\/\/grupoprisma.com\/pt-pt\/politica-de-cookies\/","name":"Pol\u00edtica de cookies - Grupo Prisma","isPartOf":{"@id":"https:\/\/grupoprisma.com\/pt-pt\/#website"},"datePublished":"2021-09-28T09:12:48+00:00","dateModified":"2022-05-09T15:14:43+00:00","inLanguage":"pt-PT","potentialAction":[{"@type":"ReadAction","target":["https:\/\/grupoprisma.com\/pt-pt\/politica-de-cookies\/"]}]},{"@type":"WebSite","@id":"https:\/\/grupoprisma.com\/pt-pt\/#website","url":"https:\/\/grupoprisma.com\/pt-pt\/","name":"Grupo Prisma","description":"Prisma especialistas en automoci\u00f3n","publisher":{"@id":"https:\/\/grupoprisma.com\/pt-pt\/#organization"},"potentialAction":[{"@type":"SearchAction","target":{"@type":"EntryPoint","urlTemplate":"https:\/\/grupoprisma.com\/pt-pt\/?s={search_term_string}"},"query-input":"required name=search_term_string"}],"inLanguage":"pt-PT"},{"@type":"Organization","@id":"https:\/\/grupoprisma.com\/pt-pt\/#organization","name":"Grupo Prisma: Especialistas en automoci\u00f3n","url":"https:\/\/grupoprisma.com\/pt-pt\/","logo":{"@type":"ImageObject","inLanguage":"pt-PT","@id":"https:\/\/grupoprisma.com\/pt-pt\/#\/schema\/logo\/image\/","url":"https:\/\/grupoprisma.com\/wp-content\/uploads\/2022\/01\/logo-de-grupo-prisma-especialistas-en-automocion.png","contentUrl":"https:\/\/grupoprisma.com\/wp-content\/uploads\/2022\/01\/logo-de-grupo-prisma-especialistas-en-automocion.png","width":4431,"height":500,"caption":"Grupo Prisma: Especialistas en automoci\u00f3n"},"image":{"@id":"https:\/\/grupoprisma.com\/pt-pt\/#\/schema\/logo\/image\/"}}]}},"_links":{"self":[{"href":"https:\/\/grupoprisma.com\/pt-pt\/wp-json\/wp\/v2\/pages\/10892"}],"collection":[{"href":"https:\/\/grupoprisma.com\/pt-pt\/wp-json\/wp\/v2\/pages"}],"about":[{"href":"https:\/\/grupoprisma.com\/pt-pt\/wp-json\/wp\/v2\/types\/page"}],"author":[{"embeddable":true,"href":"https:\/\/grupoprisma.com\/pt-pt\/wp-json\/wp\/v2\/users\/2"}],"replies":[{"embeddable":true,"href":"https:\/\/grupoprisma.com\/pt-pt\/wp-json\/wp\/v2\/comments?post=10892"}],"version-history":[{"count":1,"href":"https:\/\/grupoprisma.com\/pt-pt\/wp-json\/wp\/v2\/pages\/10892\/revisions"}],"predecessor-version":[{"id":10898,"href":"https:\/\/grupoprisma.com\/pt-pt\/wp-json\/wp\/v2\/pages\/10892\/revisions\/10898"}],"wp:attachment":[{"href":"https:\/\/grupoprisma.com\/pt-pt\/wp-json\/wp\/v2\/media?parent=10892"}],"curies":[{"name":"wp","href":"https:\/\/api.w.org\/{rel}","templated":true}]}}