{"id":10901,"date":"2021-09-28T09:55:02","date_gmt":"2021-09-28T08:55:02","guid":{"rendered":"https:\/\/grupoprisma.com\/politica-de-privacidade\/"},"modified":"2022-05-09T16:14:37","modified_gmt":"2022-05-09T15:14:37","slug":"politica-de-privacidade","status":"publish","type":"page","link":"https:\/\/grupoprisma.com\/pt-pt\/politica-de-privacidade\/","title":{"rendered":"Pol\u00edtica de Privacidade"},"content":{"rendered":"\n[et_pb_section fb_built=&#8221;1&#8243; _builder_version=&#8221;4.9.10&#8243; _module_preset=&#8221;default&#8221; da_is_popup=&#8221;off&#8221; da_exit_intent=&#8221;off&#8221; da_has_close=&#8221;on&#8221; da_alt_close=&#8221;off&#8221; da_dark_close=&#8221;off&#8221; da_not_modal=&#8221;on&#8221; da_is_singular=&#8221;off&#8221; da_with_loader=&#8221;off&#8221; da_has_shadow=&#8221;on&#8221; da_disable_devices=&#8221;off|off|off&#8221;][et_pb_row _builder_version=&#8221;3.25&#8243; animation_style=&#8221;fade&#8221; locked=&#8221;off&#8221;][et_pb_column type=&#8221;4_4&#8243; _builder_version=&#8221;3.25&#8243; custom_padding=&#8221;|||&#8221; custom_padding__hover=&#8221;|||&#8221;][et_pb_text _builder_version=&#8221;4.9.10&#8243; text_font=&#8221;||||||||&#8221; header_font=&#8221;||||||||&#8221; header_2_font=&#8221;Playfair Display|700|||||||&#8221; header_2_font_size=&#8221;35px&#8221; header_2_letter_spacing=&#8221;1px&#8221; header_2_line_height=&#8221;1.4em&#8221; header_3_font=&#8221;Poppins|700||on|||||&#8221; header_3_text_color=&#8221;#edbb5f&#8221; header_3_font_size=&#8221;14px&#8221; header_3_letter_spacing=&#8221;1px&#8221; header_3_line_height=&#8221;2em&#8221; module_alignment=&#8221;center&#8221; hover_enabled=&#8221;0&#8243; sticky_enabled=&#8221;0&#8243;]<h2>Pol\u00edtica de Privacidade<\/h2>[\/et_pb_text][et_pb_divider color=&#8221;#edbb5f&#8221; divider_weight=&#8221;2px&#8221; _builder_version=&#8221;3.2&#8243; max_width=&#8221;15%&#8221; module_alignment=&#8221;left&#8221; height=&#8221;2px&#8221; hover_enabled=&#8221;0&#8243; sticky_enabled=&#8221;0&#8243;][\/et_pb_divider][et_pb_text _builder_version=&#8221;4.9.10&#8243; text_font=&#8221;Poppins||||||||&#8221; text_font_size=&#8221;15px&#8221; text_letter_spacing=&#8221;1px&#8221; text_line_height=&#8221;2em&#8221; module_alignment=&#8221;center&#8221; hover_enabled=&#8221;0&#8243; sticky_enabled=&#8221;0&#8243;]<p><strong>Quem somos n\u00f3s?<\/strong><\/p>\n<p>A PRISMA Especialistas en Automoci\u00f3n S.L., respons\u00e1vel pelo tratamento, informa que, de acordo com o disposto no Regulamento (UE) 2016\/679, de 27 de abril, (RGPD) e L.O. 3\/2018, de 5 de dezembro, sobre prote\u00e7\u00e3o de dados e garantia de direitos digitais (LOPDGDD), trataremos os seus dados como refletidos nesta Pol\u00edtica de Privacidade.<\/p>\n<p>Nesta Pol\u00edtica de Privacidade descrevemos como recolhemos os seus dados pessoais e por que recolhemos os mesmos, o que fazemos com eles, com quem os partilhamos, como os protegemos e as suas escolhas no tratamento dos seus dados pessoais.<\/p>\n<p>Esta Pol\u00edtica aplica-se ao tratamento dos seus dados pessoais recolhidos pela empresa para a presta\u00e7\u00e3o dos seus servi\u00e7os. Se concordar com as medidas desta Pol\u00edtica, consente no processamento dos seus dados pessoais, tal como definido nesta Pol\u00edtica.<\/p>\n<p><strong><\/strong><\/p>\n<p><strong>Respons\u00e1vel pelo tratamento de dados pessoais<\/strong><\/p>\n<p>Nome da empresa: PRISMA Especialistas en Automoci\u00f3n S.L.<\/p>\n<p>Nome Comercial: Prisma Renting<\/p>\n<p>ID do imposto: B82217746<\/p>\n<p>Endere\u00e7o: Paseo Imperial 8, 1\u00baA, 28005 Madrid<\/p>\n<p>Email: legal@grupoprisma.com<\/p>\n<p>&nbsp;<\/p>\n<p><strong>Princ\u00edpios de aplica\u00e7\u00e3o ao tratamento de dados<\/strong><\/p>\n<p>O tratamento dos dados pessoais do Utilizador estar\u00e1 sujeito aos seguintes princ\u00edpios estabelecidos no artigo 5.\u00ba do RGPD e no artigo 4.\u00ba e seq. da Lei Org\u00e2nica 3\/2018, de 5 de dezembro, sobre a Prote\u00e7\u00e3o de Dados Pessoais e garantia de direitos digitais:<\/p>\n<ul>\n<li>Princ\u00edpio da legalidade, lealdade e transpar\u00eancia: o consentimento do Utilizador ser\u00e1 sempre exigido ap\u00f3s informa\u00e7\u00e3o completamente transparente das finalidades para as quais os dados pessoais s\u00e3o recolhidos.<\/li>\n<li>Princ\u00edpio de limita\u00e7\u00e3o da finalidade: os dados pessoais ser\u00e3o recolhidos para fins determinados, expl\u00edcitos e leg\u00edtimos.<\/li>\n<li>Princ\u00edpio da minimiza\u00e7\u00e3o dos dados: os dados pessoais recolhidos ser\u00e3o apenas os estritamente necess\u00e1rios em rela\u00e7\u00e3o \u00e0s finalidades para as quais s\u00e3o tratados.<\/li>\n<li>Princ\u00edpio de precis\u00e3o: os dados pessoais devem ser precisos e sempre atualizados.<\/li>\n<li>Princ\u00edpio de limita\u00e7\u00e3o do per\u00edodo de conserva\u00e7\u00e3o: os dados pessoais s\u00f3 ser\u00e3o conservadas de forma a permitir a identifica\u00e7\u00e3o do Utilizador pelo tempo necess\u00e1rio para as finalidades do seu tratamento.<\/li>\n<li>Princ\u00edpio da integridade e confidencialidade: os dados pessoais ser\u00e3o tratados de forma a garantir a sua seguran\u00e7a e confidencialidade.<\/li>\n<li>Princ\u00edpio da responsabilidade pr\u00f3-ativa: o respons\u00e1vel pelo tratamento assegurar\u00e1 o cumprimento dos princ\u00edpios acima referidos.<\/li>\n<\/ul>\n<p><strong>Como obtemos os seus dados pessoais?<\/strong><\/p>\n<p>Recolhemos dados pessoais em diferentes ocasi\u00f5es. Os dados que s\u00e3o processados s\u00e3o apenas identificando. Em caso algum se encontram categorias especiais de dados pessoais tratados na ace\u00e7\u00e3o do artigo 9.o do RGPD:<\/p>\n<ul>\n<li>Os dados da sua visita ao nosso website s\u00e3o recolhidos automaticamente como descrito na nossa pol\u00edtica de cookies.<\/li>\n<li>Contacte dados ou pedido de informa\u00e7\u00e3o, que s\u00e3o recolhidos quando nos envia um formul\u00e1rio ou um e-mail solicitando informa\u00e7\u00f5es sobre um produto, ou atrav\u00e9s da linha de apoio ao cliente.<\/li>\n<li>Dados recolhidos atrav\u00e9s das nossas redes sociais.<\/li>\n<li>Dados de registo da nossa newsletter<\/li>\n<\/ul>\n<p>&nbsp;<\/p>\n<p><strong>Para que s\u00e3o utilizados os seus dados pessoais?<\/strong><\/p>\n<ul>\n<li>Ser\u00e1 contactado sobre as informa\u00e7\u00f5es solicitadas.<\/li>\n<li>Se necess\u00e1rio, transferiremos os dados do utilizador para a empresa de arrendamento de forma a encerrar a opera\u00e7\u00e3o e contrair o aluguer.<\/li>\n<li>Em caso de inscri\u00e7\u00e3o na newsletter, enviaremos por e-mail.<\/li>\n<li>Se voc\u00ea concordar em receber comunica\u00e7\u00f5es nossas, enviaremos informa\u00e7\u00f5es sobre promo\u00e7\u00f5es ou not\u00edcias de aluguer.<\/li>\n<\/ul>\n<p>&nbsp;<\/p>\n<p><strong>Direitos do Utilizador<\/strong><\/p>\n<p>O Utilizador pode exercer os seguintes direitos reconhecidos na RGPD e Lei Org\u00e2nica 3\/2018, de 5 de dezembro, sobre a Prote\u00e7\u00e3o de Dados Pessoais e garantia de direitos digitais:<\/p>\n<ul>\n<li>Direito de acesso: o utilizador pode solicitar a informa\u00e7\u00e3o que a Prisma Renting tem sobre ele.<\/li>\n<li>Direito de retifica\u00e7\u00e3o: o utilizador pode solicitar a altera\u00e7\u00e3o dos seus dados pessoais.<\/li>\n<li>Direito de supress\u00e3o: sempre que poss\u00edvel, o utilizador pode solicitar a elimina\u00e7\u00e3o dos seus dados.<\/li>\n<li>Direito \u00e0 restri\u00e7\u00e3o do tratamento: o utilizador pode limitar o tratamento dos seus dados pessoais.<\/li>\n<li>Direito \u00e0 portabilidade dos dados: No caso de o tratamento ser realizado por meios automatizados, o Utilizador ter\u00e1 o direito de receber do Controlador de Dados os seus dados pessoais num formato estruturado, comumente utilizado e leg\u00edvel por m\u00e1quina, e transmiti-los a outro controlador de dados. Sempre que tecnicamente poss\u00edvel, o Controlador transmitir\u00e1 os dados diretamente ao outro respons\u00e1vel.<\/li>\n<li>Direito de oposi\u00e7\u00e3o: \u00c9 direito do Utilizador n\u00e3o realizar o tratamento dos seus dados pessoais ou cessar o tratamento dos mesmos por .<\/li>\n<li>Direito de n\u00e3o estar sujeito a uma decis\u00e3o baseada unicamente no tratamento automatizado, incluindo perfis: \u00c9 direito do Utilizador n\u00e3o estar sujeito a uma decis\u00e3o individualizada baseada unicamente no tratamento automatizado dos seus dados pessoais, incluindo perfis, existentes, salvo disposi\u00e7\u00e3o em contr\u00e1rio estabelecida pela legisla\u00e7\u00e3o em vigor.<\/li>\n<\/ul>\n<p>Assim, o Utilizador pode exercer os seus direitos atrav\u00e9s de comunica\u00e7\u00e3o escrita dirigida ao Controlador de Dados com a refer\u00eancia &#8220;RGPD-&#8220;, especificando:<\/p>\n<ul>\n<li>Nome, sobrenome do Utilizador e c\u00f3pia do DNI. Nos casos em que a representa\u00e7\u00e3o seja admitida, ser\u00e1 tamb\u00e9m necess\u00e1rio identificar pelos mesmos meios a pessoa que representa o Utilizador, bem como o documento que acredita a representa\u00e7\u00e3o. A fotoc\u00f3pia do DNI pode ser substitu\u00edda por qualquer outro meio de lei v\u00e1lido na lei que comprova a identidade.<\/li>\n<li>Solicite com as raz\u00f5es espec\u00edficas do pedido ou informa\u00e7\u00e3o a que pretende aceder.<\/li>\n<li>Endere\u00e7o para efeitos de notifica\u00e7\u00f5es.<\/li>\n<li>Data e assinatura do requerente.<\/li>\n<li>Qualquer documento que prove o pedido que faz.<\/li>\n<\/ul>\n<p>Este pedido e qualquer outro documento anexo podem ser enviados para o seguinte endere\u00e7o e\/ou e-mail:<\/p>\n<p>Endere\u00e7o postal: Paseo Imperial n\u00ba8, 1\u00baA, 28005 Madrid.<\/p>\n<p>Email: legal@grupoprisma.com<\/p>[\/et_pb_text][\/et_pb_column][\/et_pb_row][\/et_pb_section]\n","protected":false},"excerpt":{"rendered":"<p>Pol\u00edtica de PrivacidadeQuem somos n\u00f3s? A PRISMA Especialistas en Automoci\u00f3n S.L., respons\u00e1vel pelo tratamento, informa que, de acordo com o disposto no Regulamento (UE) 2016\/679, de 27 de abril, (RGPD) e L.O. 3\/2018, de 5 de dezembro, sobre prote\u00e7\u00e3o de dados e garantia de direitos digitais (LOPDGDD), trataremos os seus dados como refletidos nesta Pol\u00edtica [&hellip;]<\/p>\n","protected":false},"author":2,"featured_media":0,"parent":0,"menu_order":0,"comment_status":"closed","ping_status":"closed","template":"","meta":{"_et_pb_use_builder":"on","_et_pb_old_content":"","_et_gb_content_width":"","footnotes":""},"class_list":["post-10901","page","type-page","status-publish","hentry"],"yoast_head":"<!-- This site is optimized with the Yoast SEO plugin v19.10 - https:\/\/yoast.com\/wordpress\/plugins\/seo\/ -->\r\n<title>Pol\u00edtica de Privacidade - Grupo Prisma<\/title>\r\n<meta name=\"robots\" content=\"noindex, nofollow\" \/>\r\n<meta property=\"og:locale\" content=\"pt_PT\" \/>\r\n<meta property=\"og:type\" content=\"article\" \/>\r\n<meta property=\"og:title\" content=\"Pol\u00edtica de Privacidade - Grupo Prisma\" \/>\r\n<meta property=\"og:description\" content=\"Pol\u00edtica de PrivacidadeQuem somos n\u00f3s? A PRISMA Especialistas en Automoci\u00f3n S.L., respons\u00e1vel pelo tratamento, informa que, de acordo com o disposto no Regulamento (UE) 2016\/679, de 27 de abril, (RGPD) e L.O. 3\/2018, de 5 de dezembro, sobre prote\u00e7\u00e3o de dados e garantia de direitos digitais (LOPDGDD), trataremos os seus dados como refletidos nesta Pol\u00edtica [&hellip;]\" \/>\r\n<meta property=\"og:url\" content=\"https:\/\/grupoprisma.com\/pt-pt\/politica-de-privacidade\/\" \/>\r\n<meta property=\"og:site_name\" content=\"Grupo Prisma\" \/>\r\n<meta property=\"article:modified_time\" content=\"2022-05-09T15:14:37+00:00\" \/>\r\n<meta name=\"twitter:card\" content=\"summary_large_image\" \/>\r\n<meta name=\"twitter:label1\" content=\"Tempo estimado de leitura\" \/>\n\t<meta name=\"twitter:data1\" content=\"6 minutos\" \/>\r\n<script type=\"application\/ld+json\" class=\"yoast-schema-graph\">{\"@context\":\"https:\/\/schema.org\",\"@graph\":[{\"@type\":\"WebPage\",\"@id\":\"https:\/\/grupoprisma.com\/pt-pt\/politica-de-privacidade\/\",\"url\":\"https:\/\/grupoprisma.com\/pt-pt\/politica-de-privacidade\/\",\"name\":\"Pol\u00edtica de Privacidade - Grupo Prisma\",\"isPartOf\":{\"@id\":\"https:\/\/grupoprisma.com\/pt-pt\/#website\"},\"datePublished\":\"2021-09-28T08:55:02+00:00\",\"dateModified\":\"2022-05-09T15:14:37+00:00\",\"inLanguage\":\"pt-PT\",\"potentialAction\":[{\"@type\":\"ReadAction\",\"target\":[\"https:\/\/grupoprisma.com\/pt-pt\/politica-de-privacidade\/\"]}]},{\"@type\":\"WebSite\",\"@id\":\"https:\/\/grupoprisma.com\/pt-pt\/#website\",\"url\":\"https:\/\/grupoprisma.com\/pt-pt\/\",\"name\":\"Grupo Prisma\",\"description\":\"Prisma especialistas en automoci\u00f3n\",\"publisher\":{\"@id\":\"https:\/\/grupoprisma.com\/pt-pt\/#organization\"},\"potentialAction\":[{\"@type\":\"SearchAction\",\"target\":{\"@type\":\"EntryPoint\",\"urlTemplate\":\"https:\/\/grupoprisma.com\/pt-pt\/?s={search_term_string}\"},\"query-input\":\"required name=search_term_string\"}],\"inLanguage\":\"pt-PT\"},{\"@type\":\"Organization\",\"@id\":\"https:\/\/grupoprisma.com\/pt-pt\/#organization\",\"name\":\"Grupo Prisma: Especialistas en automoci\u00f3n\",\"url\":\"https:\/\/grupoprisma.com\/pt-pt\/\",\"logo\":{\"@type\":\"ImageObject\",\"inLanguage\":\"pt-PT\",\"@id\":\"https:\/\/grupoprisma.com\/pt-pt\/#\/schema\/logo\/image\/\",\"url\":\"https:\/\/grupoprisma.com\/wp-content\/uploads\/2022\/01\/logo-de-grupo-prisma-especialistas-en-automocion.png\",\"contentUrl\":\"https:\/\/grupoprisma.com\/wp-content\/uploads\/2022\/01\/logo-de-grupo-prisma-especialistas-en-automocion.png\",\"width\":4431,\"height\":500,\"caption\":\"Grupo Prisma: Especialistas en automoci\u00f3n\"},\"image\":{\"@id\":\"https:\/\/grupoprisma.com\/pt-pt\/#\/schema\/logo\/image\/\"}}]}<\/script>\r\n<!-- \/ Yoast SEO plugin. -->","yoast_head_json":{"title":"Pol\u00edtica de Privacidade - Grupo Prisma","robots":{"index":"noindex","follow":"nofollow"},"og_locale":"pt_PT","og_type":"article","og_title":"Pol\u00edtica de Privacidade - Grupo Prisma","og_description":"Pol\u00edtica de PrivacidadeQuem somos n\u00f3s? A PRISMA Especialistas en Automoci\u00f3n S.L., respons\u00e1vel pelo tratamento, informa que, de acordo com o disposto no Regulamento (UE) 2016\/679, de 27 de abril, (RGPD) e L.O. 3\/2018, de 5 de dezembro, sobre prote\u00e7\u00e3o de dados e garantia de direitos digitais (LOPDGDD), trataremos os seus dados como refletidos nesta Pol\u00edtica [&hellip;]","og_url":"https:\/\/grupoprisma.com\/pt-pt\/politica-de-privacidade\/","og_site_name":"Grupo Prisma","article_modified_time":"2022-05-09T15:14:37+00:00","twitter_card":"summary_large_image","twitter_misc":{"Tempo estimado de leitura":"6 minutos"},"schema":{"@context":"https:\/\/schema.org","@graph":[{"@type":"WebPage","@id":"https:\/\/grupoprisma.com\/pt-pt\/politica-de-privacidade\/","url":"https:\/\/grupoprisma.com\/pt-pt\/politica-de-privacidade\/","name":"Pol\u00edtica de Privacidade - Grupo Prisma","isPartOf":{"@id":"https:\/\/grupoprisma.com\/pt-pt\/#website"},"datePublished":"2021-09-28T08:55:02+00:00","dateModified":"2022-05-09T15:14:37+00:00","inLanguage":"pt-PT","potentialAction":[{"@type":"ReadAction","target":["https:\/\/grupoprisma.com\/pt-pt\/politica-de-privacidade\/"]}]},{"@type":"WebSite","@id":"https:\/\/grupoprisma.com\/pt-pt\/#website","url":"https:\/\/grupoprisma.com\/pt-pt\/","name":"Grupo Prisma","description":"Prisma especialistas en automoci\u00f3n","publisher":{"@id":"https:\/\/grupoprisma.com\/pt-pt\/#organization"},"potentialAction":[{"@type":"SearchAction","target":{"@type":"EntryPoint","urlTemplate":"https:\/\/grupoprisma.com\/pt-pt\/?s={search_term_string}"},"query-input":"required name=search_term_string"}],"inLanguage":"pt-PT"},{"@type":"Organization","@id":"https:\/\/grupoprisma.com\/pt-pt\/#organization","name":"Grupo Prisma: Especialistas en automoci\u00f3n","url":"https:\/\/grupoprisma.com\/pt-pt\/","logo":{"@type":"ImageObject","inLanguage":"pt-PT","@id":"https:\/\/grupoprisma.com\/pt-pt\/#\/schema\/logo\/image\/","url":"https:\/\/grupoprisma.com\/wp-content\/uploads\/2022\/01\/logo-de-grupo-prisma-especialistas-en-automocion.png","contentUrl":"https:\/\/grupoprisma.com\/wp-content\/uploads\/2022\/01\/logo-de-grupo-prisma-especialistas-en-automocion.png","width":4431,"height":500,"caption":"Grupo Prisma: Especialistas en automoci\u00f3n"},"image":{"@id":"https:\/\/grupoprisma.com\/pt-pt\/#\/schema\/logo\/image\/"}}]}},"_links":{"self":[{"href":"https:\/\/grupoprisma.com\/pt-pt\/wp-json\/wp\/v2\/pages\/10901"}],"collection":[{"href":"https:\/\/grupoprisma.com\/pt-pt\/wp-json\/wp\/v2\/pages"}],"about":[{"href":"https:\/\/grupoprisma.com\/pt-pt\/wp-json\/wp\/v2\/types\/page"}],"author":[{"embeddable":true,"href":"https:\/\/grupoprisma.com\/pt-pt\/wp-json\/wp\/v2\/users\/2"}],"replies":[{"embeddable":true,"href":"https:\/\/grupoprisma.com\/pt-pt\/wp-json\/wp\/v2\/comments?post=10901"}],"version-history":[{"count":1,"href":"https:\/\/grupoprisma.com\/pt-pt\/wp-json\/wp\/v2\/pages\/10901\/revisions"}],"predecessor-version":[{"id":10904,"href":"https:\/\/grupoprisma.com\/pt-pt\/wp-json\/wp\/v2\/pages\/10901\/revisions\/10904"}],"wp:attachment":[{"href":"https:\/\/grupoprisma.com\/pt-pt\/wp-json\/wp\/v2\/media?parent=10901"}],"curies":[{"name":"wp","href":"https:\/\/api.w.org\/{rel}","templated":true}]}}