{"id":10908,"date":"2021-09-28T10:25:08","date_gmt":"2021-09-28T09:25:08","guid":{"rendered":"https:\/\/grupoprisma.com\/mais-informacoes-sobre-cookies\/"},"modified":"2022-05-09T16:14:44","modified_gmt":"2022-05-09T15:14:44","slug":"mais-informacoes-sobre-cookies","status":"publish","type":"page","link":"https:\/\/grupoprisma.com\/pt-pt\/mais-informacoes-sobre-cookies\/","title":{"rendered":"Mais informa\u00e7\u00f5es sobre cookies"},"content":{"rendered":"<p>[et_pb_section fb_built=&#8221;1&#8243; _builder_version=&#8221;4.9.10&#8243; _module_preset=&#8221;default&#8221; da_disable_devices=&#8221;off|off|off&#8221; da_is_popup=&#8221;off&#8221; da_exit_intent=&#8221;off&#8221; da_has_close=&#8221;on&#8221; da_alt_close=&#8221;off&#8221; da_dark_close=&#8221;off&#8221; da_not_modal=&#8221;on&#8221; da_is_singular=&#8221;off&#8221; da_with_loader=&#8221;off&#8221; da_has_shadow=&#8221;on&#8221;][et_pb_row _builder_version=&#8221;3.25&#8243; animation_style=&#8221;fade&#8221; locked=&#8221;off&#8221;][et_pb_column type=&#8221;4_4&#8243; _builder_version=&#8221;3.25&#8243; custom_padding=&#8221;|||&#8221; custom_padding__hover=&#8221;|||&#8221;][et_pb_text _builder_version=&#8221;4.9.10&#8243; text_font=&#8221;||||||||&#8221; header_font=&#8221;||||||||&#8221; header_2_font=&#8221;Playfair Display|700|||||||&#8221; header_2_font_size=&#8221;35px&#8221; header_2_letter_spacing=&#8221;1px&#8221; header_2_line_height=&#8221;1.4em&#8221; header_3_font=&#8221;Poppins|700||on|||||&#8221; header_3_text_color=&#8221;#edbb5f&#8221; header_3_font_size=&#8221;14px&#8221; header_3_letter_spacing=&#8221;1px&#8221; header_3_line_height=&#8221;2em&#8221; module_alignment=&#8221;center&#8221;]<\/p>\n<h2>Mais informa\u00e7\u00f5es sobre cookies<\/h2>\n<p>[\/et_pb_text][et_pb_divider color=&#8221;#edbb5f&#8221; divider_weight=&#8221;2px&#8221; _builder_version=&#8221;3.2&#8243; max_width=&#8221;15%&#8221; module_alignment=&#8221;left&#8221; height=&#8221;2px&#8221;][\/et_pb_divider][et_pb_text _builder_version=&#8221;4.9.10&#8243; text_font=&#8221;Poppins||||||||&#8221; text_font_size=&#8221;15px&#8221; text_letter_spacing=&#8221;1px&#8221; text_line_height=&#8221;2em&#8221; module_alignment=&#8221;center&#8221; hover_enabled=&#8221;0&#8243; sticky_enabled=&#8221;0&#8243;]<\/p>\n<div class=\"elementor-element elementor-element-7cf6e065 elementor-widget elementor-widget-text-editor\" data-id=\"7cf6e065\" data-element_type=\"widget\" data-widget_type=\"text-editor.default\">\n<div class=\"elementor-widget-container\">\n<div class=\"elementor-text-editor elementor-clearfix\">\n<p><strong>O que \u00e9 um biscoito?<\/strong><\/p>\n<p>Um cookie \u00e9 um ficheiro de texto inofensivo que \u00e9 armazenado no seu navegador quando visita quase qualquer p\u00e1gina web. A utilidade do cookie \u00e9 que o site \u00e9 capaz de se lembrar da sua visita quando voc\u00ea navega novamente nessa p\u00e1gina. Apesar de muitas pessoas n\u00e3o o conhecerem, os cookies t\u00eam sido usados h\u00e1 20 anos, quando os primeiros navegadores para a World Wide Web apareceram.<\/p>\n<p>&nbsp;<\/p>\n<p><strong>O que n\u00e3o \u00e9 um cookie?<\/strong><\/p>\n<p>N\u00e3o \u00e9 um v\u00edrus, nem um troiano, nem um verme, nem spam, nem spyware, nem abre janelas pop-up.<\/p>\n<p>&nbsp;<\/p>\n<p><strong>Que informa\u00e7\u00e3o faz uma loja de biscoitos?<\/strong><\/p>\n<p>Os cookies n\u00e3o costumam armazenar informa\u00e7\u00f5es sens\u00edveis sobre si, tais como cart\u00f5es de cr\u00e9dito ou dados banc\u00e1rios, fotografias, identifica\u00e7\u00e3o ou informa\u00e7\u00f5es pessoais, etc. Os dados que guardam s\u00e3o de natureza t\u00e9cnica, prefer\u00eancias pessoais, personaliza\u00e7\u00e3o de conte\u00fados, etc.<\/p>\n<p>O servidor web n\u00e3o o associa como pessoa, mas sim como o seu navegador web. De facto, se navegar regularmente com o Internet Explorer e tentar navegar na mesma web com o Firefox ou o Chrome ver\u00e1 que a web n\u00e3o percebe que \u00e9 a mesma pessoa porque est\u00e1 realmente a associar o navegador, e n\u00e3o a pessoa.<\/p>\n<p>&nbsp;<\/p>\n<p><strong>Que tipo de biscoitos existem?<\/strong><\/p>\n<ol>\n<li>Cookies t\u00e9cnicos: S\u00e3o os mais elementares e permitem, entre outras coisas, saber quando um humano ou uma aplica\u00e7\u00e3o automatizada est\u00e1 a navegar, quando um utilizador an\u00f3nimo e um registrado navegam, tarefas b\u00e1sicas para o funcionamento de qualquer web din\u00e2mica.<\/li>\n<li>Cookies de an\u00e1lise: Recolhem informa\u00e7\u00f5es sobre o tipo de navega\u00e7\u00e3o que est\u00e1 a fazer, as sec\u00e7\u00f5es que mais utiliza, os produtos consultados, a faixa hor\u00e1ria de utiliza\u00e7\u00e3o, a linguagem, etc.<\/li>\n<li>Cookies publicit\u00e1rios: Eles mostram publicidade com base na sua navega\u00e7\u00e3o, no seu pa\u00eds de origem, idioma, etc.<\/li>\n<\/ol>\n<p>&nbsp;<\/p>\n<p>&nbsp;<\/p>\n<p><strong>O que s\u00e3o cookies de primeira e de terceiros?<\/strong><\/p>\n<p>Os cookies pr\u00f3prios s\u00e3o os gerados pela p\u00e1gina que est\u00e1 a visitar e os de terceiros s\u00e3o os gerados por servi\u00e7os externos ou fornecedores como Facebook, Twitter, Google, etc.<\/p>\n<p>&nbsp;<\/p>\n<p><strong>O que acontece se eu desativar os cookies?<\/strong><\/p>\n<p>Para compreender o \u00e2mbito dos cookies incapacitantes, aqui est\u00e3o alguns exemplos:<\/p>\n<ul>\n<li>N\u00e3o poder\u00e1 partilhar conte\u00fados desse website no Facebook, Twitter ou em qualquer outra rede social.<\/li>\n<li>O site n\u00e3o ser\u00e1 capaz de adaptar os conte\u00fados \u00e0s suas prefer\u00eancias pessoais, como \u00e9 habitual nas lojas online.<\/li>\n<li>N\u00e3o poder\u00e1 aceder \u00e0 \u00e1rea pessoal desse website, como a Minha Conta, ou O Meu Perfil ou As Minhas Ordens.<\/li>\n<li>Lojas online: Ser\u00e1 imposs\u00edvel para si fazer compras online, elas ter\u00e3o de ser por telefone ou visitar a loja f\u00edsica se a tiver.<\/li>\n<li>N\u00e3o ser\u00e1 poss\u00edvel personalizar as suas prefer\u00eancias geogr\u00e1ficas, tais como faixa hor\u00e1ria, moeda ou idioma.<\/li>\n<li>O site n\u00e3o ser\u00e1 capaz de realizar an\u00e1lises web em visitantes e tr\u00e1fego na web, o que dificultar\u00e1 a competitividade do site.<\/li>\n<li>N\u00e3o poder\u00e1 escrever no blog, n\u00e3o poder\u00e1 fazer upload de fotos, publicar coment\u00e1rios, taxa ou taxa de conte\u00fado. O site tamb\u00e9m n\u00e3o ser\u00e1 capaz de dizer se voc\u00ea \u00e9 um humano ou uma aplica\u00e7\u00e3o automatizada que publica spam.<\/li>\n<li>N\u00e3o ser\u00e1 poss\u00edvel mostrar publicidade sectorializada, o que reduzir\u00e1 as receitas publicit\u00e1rias da web.<\/li>\n<li>Todas as redes sociais utilizam cookies, se os desativar n\u00e3o poder\u00e1 utilizar nenhuma rede social.<\/li>\n<\/ul>\n<p>&nbsp;<\/p>\n<p><strong>Os cookies podem ser eliminados?<\/strong><\/p>\n<p>Sim. N\u00e3o s\u00f3 eliminar, mas tamb\u00e9m bloquear, de uma forma geral ou particular para um dom\u00ednio espec\u00edfico.<\/p>\n<p>Para eliminar cookies de um site, voc\u00ea deve ir para as defini\u00e7\u00f5es do seu navegador e l\u00e1 voc\u00ea pode pesquisar por aqueles que est\u00e3o associados com o dom\u00ednio em quest\u00e3o e proceder \u00e0 sua elimina\u00e7\u00e3o.<\/p>\n<p>&nbsp;<\/p>\n<p><strong style=\"font-size: 15px;\">Configura\u00e7\u00f5es de cookies para os navegadores mais polu\u00eddos<\/strong><\/p>\n<p>Aqui est\u00e1 como aceder a um cookie de navegador chrome particular. Nota: Estes passos podem variar dependendo da vers\u00e3o do seu navegador:<\/p>\n<ol>\n<li>Aceda a Defini\u00e7\u00f5es ou Prefer\u00eancias utilizando o menu Ficheiro ou clicando no \u00edcone de personaliza\u00e7\u00e3o no canto superior direito.<\/li>\n<li>Ver\u00e1 diferentes sec\u00e7\u00f5es, clique na op\u00e7\u00e3o Mostrar op\u00e7\u00f5es avan\u00e7adas.<\/li>\n<li>V\u00e1 para Privacidade, Defini\u00e7\u00f5es de Conte\u00fado.<\/li>\n<li>Selecione Todos os cookies e dados do site.<\/li>\n<li>Aparecer\u00e1 uma lista de todos os cookies classificados por dom\u00ednio. Para facilitar a sua produ\u00e7\u00e3o de cookies a partir de um determinado dom\u00ednio, insira parcial ou totalmente o endere\u00e7o no campo Search for cookies.<\/li>\n<li>Ap\u00f3s a realiza\u00e7\u00e3o deste filtro, aparecer\u00e3o no ecr\u00e3 uma ou mais linhas com os cookies do website solicitado. Agora s\u00f3 tem que selecion\u00e1-lo e pressionar o X para prosseguir com a sua elimina\u00e7\u00e3o.<\/li>\n<\/ol>\n<p>&nbsp;<\/p>\n<p>Para aceder \u00e0s defini\u00e7\u00f5es de cookies do navegador Internet Explorer siga estes passos (podem variar dependendo da vers\u00e3o do navegador):<\/p>\n<ol>\n<li>Ir a Ferramentas, Op\u00e7\u00f5es de Internet<\/li>\n<li>Clique em Privacidade.<\/li>\n<li>Mova o slider para ajustar o n\u00edvel de privacidade que deseja.<\/li>\n<\/ol>\n<p>&nbsp;<\/p>\n<p>Para aceder \u00e0s defini\u00e7\u00f5es de cookies do navegador Firefox siga estes passos (estes podem variar dependendo da vers\u00e3o do navegador):<\/p>\n<ol>\n<li>Aceda a Op\u00e7\u00f5es ou Prefer\u00eancias dependendo do seu sistema operativo.<\/li>\n<li>Clique em Privacidade.<\/li>\n<li>Em Hist\u00f3rico, escolha Utilize as defini\u00e7\u00f5es personalizadas para o hist\u00f3rico.<\/li>\n<li>Agora ver\u00e1 a op\u00e7\u00e3o Aceitar cookies, pode ativar ou desativar de acordo com as suas prefer\u00eancias.<\/li>\n<\/ol>\n<p>&nbsp;<\/p>\n<p>Para aceder \u00e0s defini\u00e7\u00f5es de cookies do navegador Safari para OSX siga estes passos (podem variar dependendo da vers\u00e3o do navegador):<\/p>\n<ol>\n<li>V\u00e1 a Prefer\u00eancias, depois Privacidade.<\/li>\n<li>Neste local voc\u00ea ver\u00e1 a op\u00e7\u00e3o Bloquear cookies para ajustar o tipo de bloqueio que deseja realizar.<\/li>\n<\/ol>\n<p>&nbsp;<\/p>\n<p>Para aceder \u00e0s defini\u00e7\u00f5es de cookies do navegador Safari para iOS siga estes passos (podem variar dependendo da vers\u00e3o do navegador):<\/p>\n<ol>\n<li>V\u00e1 a Defini\u00e7\u00f5es, depois Safari.<\/li>\n<li>V\u00e1 para Privacidade e Seguran\u00e7a, ver\u00e1 a op\u00e7\u00e3o de cookies de bloco para que voc\u00ea ajuste o tipo de bloqueio que deseja realizar.<\/li>\n<\/ol>\n<p>&nbsp;<\/p>\n<p>Para aceder \u00e0s defini\u00e7\u00f5es de cookies do navegador para dispositivos Android siga estes passos (estes podem variar dependendo da vers\u00e3o do navegador):<\/p>\n<ol>\n<li>Executar o navegador e premir a tecla Menu e, em seguida, Defini\u00e7\u00f5es.<\/li>\n<li>V\u00e1 para a Seguran\u00e7a e Privacidade, ver\u00e1 a op\u00e7\u00e3o de aceita\u00e7\u00e3o de cookies para que voc\u00ea verifique ou limpe a caixa de verifica\u00e7\u00e3o.<\/li>\n<\/ol>\n<p>&nbsp;<\/p>\n<p>Para aceder \u00e0s defini\u00e7\u00f5es de cookies do navegador para dispositivos Windows Phone siga estes passos (estes podem variar dependendo da vers\u00e3o do navegador):<\/p>\n<ol>\n<li>Abrir o Internet Explorer, em seguida, Mais, em seguida, Defini\u00e7\u00f5es<\/li>\n<li>Agora pode ativar ou desativar a caixa de verifica\u00e7\u00e3o de cookies Permitir.<\/li>\n<\/ol>\n<\/div>\n<\/div>\n<\/div>\n<p>[\/et_pb_text][\/et_pb_column][\/et_pb_row][\/et_pb_section]<\/p>\n","protected":false},"excerpt":{"rendered":"<p>Mais informa\u00e7\u00f5es sobre cookies O que \u00e9 um biscoito? Um cookie \u00e9 um ficheiro de texto inofensivo que \u00e9 armazenado no seu navegador quando visita quase qualquer p\u00e1gina web. A utilidade do cookie \u00e9 que o site \u00e9 capaz de se lembrar da sua visita quando voc\u00ea navega novamente nessa p\u00e1gina. Apesar de muitas pessoas [&hellip;]<\/p>\n","protected":false},"author":2,"featured_media":0,"parent":0,"menu_order":0,"comment_status":"closed","ping_status":"closed","template":"","meta":{"_et_pb_use_builder":"on","_et_pb_old_content":"","_et_gb_content_width":"","footnotes":""},"class_list":["post-10908","page","type-page","status-publish","hentry"],"yoast_head":"<!-- This site is optimized with the Yoast SEO plugin v19.10 - https:\/\/yoast.com\/wordpress\/plugins\/seo\/ -->\r\n<title>Mais informa\u00e7\u00f5es sobre cookies - Grupo Prisma<\/title>\r\n<meta name=\"robots\" content=\"index, follow, max-snippet:-1, max-image-preview:large, max-video-preview:-1\" \/>\r\n<link rel=\"canonical\" href=\"https:\/\/grupoprisma.com\/pt-pt\/mais-informacoes-sobre-cookies\/\" \/>\r\n<meta property=\"og:locale\" content=\"pt_PT\" \/>\r\n<meta property=\"og:type\" content=\"article\" \/>\r\n<meta property=\"og:title\" content=\"Mais informa\u00e7\u00f5es sobre cookies - Grupo Prisma\" \/>\r\n<meta property=\"og:description\" content=\"Mais informa\u00e7\u00f5es sobre cookies O que \u00e9 um biscoito? Um cookie \u00e9 um ficheiro de texto inofensivo que \u00e9 armazenado no seu navegador quando visita quase qualquer p\u00e1gina web. A utilidade do cookie \u00e9 que o site \u00e9 capaz de se lembrar da sua visita quando voc\u00ea navega novamente nessa p\u00e1gina. Apesar de muitas pessoas [&hellip;]\" \/>\r\n<meta property=\"og:url\" content=\"https:\/\/grupoprisma.com\/pt-pt\/mais-informacoes-sobre-cookies\/\" \/>\r\n<meta property=\"og:site_name\" content=\"Grupo Prisma\" \/>\r\n<meta property=\"article:modified_time\" content=\"2022-05-09T15:14:44+00:00\" \/>\r\n<meta name=\"twitter:card\" content=\"summary_large_image\" \/>\r\n<meta name=\"twitter:label1\" content=\"Tempo estimado de leitura\" \/>\n\t<meta name=\"twitter:data1\" content=\"7 minutos\" \/>\r\n<script type=\"application\/ld+json\" class=\"yoast-schema-graph\">{\"@context\":\"https:\/\/schema.org\",\"@graph\":[{\"@type\":\"WebPage\",\"@id\":\"https:\/\/grupoprisma.com\/pt-pt\/mais-informacoes-sobre-cookies\/\",\"url\":\"https:\/\/grupoprisma.com\/pt-pt\/mais-informacoes-sobre-cookies\/\",\"name\":\"Mais informa\u00e7\u00f5es sobre cookies - Grupo Prisma\",\"isPartOf\":{\"@id\":\"https:\/\/grupoprisma.com\/pt-pt\/#website\"},\"datePublished\":\"2021-09-28T09:25:08+00:00\",\"dateModified\":\"2022-05-09T15:14:44+00:00\",\"inLanguage\":\"pt-PT\",\"potentialAction\":[{\"@type\":\"ReadAction\",\"target\":[\"https:\/\/grupoprisma.com\/pt-pt\/mais-informacoes-sobre-cookies\/\"]}]},{\"@type\":\"WebSite\",\"@id\":\"https:\/\/grupoprisma.com\/pt-pt\/#website\",\"url\":\"https:\/\/grupoprisma.com\/pt-pt\/\",\"name\":\"Grupo Prisma\",\"description\":\"Prisma especialistas en automoci\u00f3n\",\"publisher\":{\"@id\":\"https:\/\/grupoprisma.com\/pt-pt\/#organization\"},\"potentialAction\":[{\"@type\":\"SearchAction\",\"target\":{\"@type\":\"EntryPoint\",\"urlTemplate\":\"https:\/\/grupoprisma.com\/pt-pt\/?s={search_term_string}\"},\"query-input\":\"required name=search_term_string\"}],\"inLanguage\":\"pt-PT\"},{\"@type\":\"Organization\",\"@id\":\"https:\/\/grupoprisma.com\/pt-pt\/#organization\",\"name\":\"Grupo Prisma: Especialistas en automoci\u00f3n\",\"url\":\"https:\/\/grupoprisma.com\/pt-pt\/\",\"logo\":{\"@type\":\"ImageObject\",\"inLanguage\":\"pt-PT\",\"@id\":\"https:\/\/grupoprisma.com\/pt-pt\/#\/schema\/logo\/image\/\",\"url\":\"https:\/\/grupoprisma.com\/wp-content\/uploads\/2022\/01\/logo-de-grupo-prisma-especialistas-en-automocion.png\",\"contentUrl\":\"https:\/\/grupoprisma.com\/wp-content\/uploads\/2022\/01\/logo-de-grupo-prisma-especialistas-en-automocion.png\",\"width\":4431,\"height\":500,\"caption\":\"Grupo Prisma: Especialistas en automoci\u00f3n\"},\"image\":{\"@id\":\"https:\/\/grupoprisma.com\/pt-pt\/#\/schema\/logo\/image\/\"}}]}<\/script>\r\n<!-- \/ Yoast SEO plugin. -->","yoast_head_json":{"title":"Mais informa\u00e7\u00f5es sobre cookies - Grupo Prisma","robots":{"index":"index","follow":"follow","max-snippet":"max-snippet:-1","max-image-preview":"max-image-preview:large","max-video-preview":"max-video-preview:-1"},"canonical":"https:\/\/grupoprisma.com\/pt-pt\/mais-informacoes-sobre-cookies\/","og_locale":"pt_PT","og_type":"article","og_title":"Mais informa\u00e7\u00f5es sobre cookies - Grupo Prisma","og_description":"Mais informa\u00e7\u00f5es sobre cookies O que \u00e9 um biscoito? Um cookie \u00e9 um ficheiro de texto inofensivo que \u00e9 armazenado no seu navegador quando visita quase qualquer p\u00e1gina web. A utilidade do cookie \u00e9 que o site \u00e9 capaz de se lembrar da sua visita quando voc\u00ea navega novamente nessa p\u00e1gina. Apesar de muitas pessoas [&hellip;]","og_url":"https:\/\/grupoprisma.com\/pt-pt\/mais-informacoes-sobre-cookies\/","og_site_name":"Grupo Prisma","article_modified_time":"2022-05-09T15:14:44+00:00","twitter_card":"summary_large_image","twitter_misc":{"Tempo estimado de leitura":"7 minutos"},"schema":{"@context":"https:\/\/schema.org","@graph":[{"@type":"WebPage","@id":"https:\/\/grupoprisma.com\/pt-pt\/mais-informacoes-sobre-cookies\/","url":"https:\/\/grupoprisma.com\/pt-pt\/mais-informacoes-sobre-cookies\/","name":"Mais informa\u00e7\u00f5es sobre cookies - Grupo Prisma","isPartOf":{"@id":"https:\/\/grupoprisma.com\/pt-pt\/#website"},"datePublished":"2021-09-28T09:25:08+00:00","dateModified":"2022-05-09T15:14:44+00:00","inLanguage":"pt-PT","potentialAction":[{"@type":"ReadAction","target":["https:\/\/grupoprisma.com\/pt-pt\/mais-informacoes-sobre-cookies\/"]}]},{"@type":"WebSite","@id":"https:\/\/grupoprisma.com\/pt-pt\/#website","url":"https:\/\/grupoprisma.com\/pt-pt\/","name":"Grupo Prisma","description":"Prisma especialistas en automoci\u00f3n","publisher":{"@id":"https:\/\/grupoprisma.com\/pt-pt\/#organization"},"potentialAction":[{"@type":"SearchAction","target":{"@type":"EntryPoint","urlTemplate":"https:\/\/grupoprisma.com\/pt-pt\/?s={search_term_string}"},"query-input":"required name=search_term_string"}],"inLanguage":"pt-PT"},{"@type":"Organization","@id":"https:\/\/grupoprisma.com\/pt-pt\/#organization","name":"Grupo Prisma: Especialistas en automoci\u00f3n","url":"https:\/\/grupoprisma.com\/pt-pt\/","logo":{"@type":"ImageObject","inLanguage":"pt-PT","@id":"https:\/\/grupoprisma.com\/pt-pt\/#\/schema\/logo\/image\/","url":"https:\/\/grupoprisma.com\/wp-content\/uploads\/2022\/01\/logo-de-grupo-prisma-especialistas-en-automocion.png","contentUrl":"https:\/\/grupoprisma.com\/wp-content\/uploads\/2022\/01\/logo-de-grupo-prisma-especialistas-en-automocion.png","width":4431,"height":500,"caption":"Grupo Prisma: Especialistas en automoci\u00f3n"},"image":{"@id":"https:\/\/grupoprisma.com\/pt-pt\/#\/schema\/logo\/image\/"}}]}},"_links":{"self":[{"href":"https:\/\/grupoprisma.com\/pt-pt\/wp-json\/wp\/v2\/pages\/10908"}],"collection":[{"href":"https:\/\/grupoprisma.com\/pt-pt\/wp-json\/wp\/v2\/pages"}],"about":[{"href":"https:\/\/grupoprisma.com\/pt-pt\/wp-json\/wp\/v2\/types\/page"}],"author":[{"embeddable":true,"href":"https:\/\/grupoprisma.com\/pt-pt\/wp-json\/wp\/v2\/users\/2"}],"replies":[{"embeddable":true,"href":"https:\/\/grupoprisma.com\/pt-pt\/wp-json\/wp\/v2\/comments?post=10908"}],"version-history":[{"count":1,"href":"https:\/\/grupoprisma.com\/pt-pt\/wp-json\/wp\/v2\/pages\/10908\/revisions"}],"predecessor-version":[{"id":10915,"href":"https:\/\/grupoprisma.com\/pt-pt\/wp-json\/wp\/v2\/pages\/10908\/revisions\/10915"}],"wp:attachment":[{"href":"https:\/\/grupoprisma.com\/pt-pt\/wp-json\/wp\/v2\/media?parent=10908"}],"curies":[{"name":"wp","href":"https:\/\/api.w.org\/{rel}","templated":true}]}}