{"id":10918,"date":"2021-09-28T10:01:48","date_gmt":"2021-09-28T09:01:48","guid":{"rendered":"https:\/\/grupoprisma.com\/aviso-legal\/"},"modified":"2022-05-09T16:14:37","modified_gmt":"2022-05-09T15:14:37","slug":"aviso-legal","status":"publish","type":"page","link":"https:\/\/grupoprisma.com\/pt-pt\/aviso-legal\/","title":{"rendered":"Aviso legal"},"content":{"rendered":"<p>[et_pb_section fb_built=&#8221;1&#8243; _builder_version=&#8221;4.9.10&#8243; _module_preset=&#8221;default&#8221; da_disable_devices=&#8221;off|off|off&#8221; da_is_popup=&#8221;off&#8221; da_exit_intent=&#8221;off&#8221; da_has_close=&#8221;on&#8221; da_alt_close=&#8221;off&#8221; da_dark_close=&#8221;off&#8221; da_not_modal=&#8221;on&#8221; da_is_singular=&#8221;off&#8221; da_with_loader=&#8221;off&#8221; da_has_shadow=&#8221;on&#8221;][et_pb_row _builder_version=&#8221;3.25&#8243; animation_style=&#8221;fade&#8221; locked=&#8221;off&#8221;][et_pb_column type=&#8221;4_4&#8243; _builder_version=&#8221;3.25&#8243; custom_padding=&#8221;|||&#8221; custom_padding__hover=&#8221;|||&#8221;][et_pb_text _builder_version=&#8221;4.9.10&#8243; text_font=&#8221;||||||||&#8221; header_font=&#8221;||||||||&#8221; header_2_font=&#8221;Playfair Display|700|||||||&#8221; header_2_font_size=&#8221;35px&#8221; header_2_letter_spacing=&#8221;1px&#8221; header_2_line_height=&#8221;1.4em&#8221; header_3_font=&#8221;Poppins|700||on|||||&#8221; header_3_text_color=&#8221;#edbb5f&#8221; header_3_font_size=&#8221;14px&#8221; header_3_letter_spacing=&#8221;1px&#8221; header_3_line_height=&#8221;2em&#8221; module_alignment=&#8221;center&#8221;]<\/p>\n<h2>Aviso legal<\/h2>\n<p>[\/et_pb_text][et_pb_divider color=&#8221;#edbb5f&#8221; divider_weight=&#8221;2px&#8221; _builder_version=&#8221;3.2&#8243; max_width=&#8221;15%&#8221; module_alignment=&#8221;left&#8221; height=&#8221;2px&#8221;][\/et_pb_divider][et_pb_text _builder_version=&#8221;4.9.10&#8243; text_font=&#8221;Poppins||||||||&#8221; text_font_size=&#8221;15px&#8221; text_letter_spacing=&#8221;1px&#8221; text_line_height=&#8221;2em&#8221; module_alignment=&#8221;center&#8221;]<\/p>\n<p>O site www.grupoprisma.com e seus conte\u00fados pertencem e s\u00e3o geridos pela PRISMA Especialistas en Automoci\u00f3n S.L. com endere\u00e7o na Paseo Imperial 8, Madrid (Espanha) e CIF B82217746.<\/p>\n<p>&nbsp;<\/p>\n<p><strong>Objeto<\/strong><\/p>\n<p>A PRISMA Especialistas en Automoci\u00f3n S.L., respons\u00e1vel pelo site, disponibiliza este documento aos utilizadores, com os quais pretende cumprir as obriga\u00e7\u00f5es estabelecidas na Lei 34\/2002, de 11 de julho, sobre Servi\u00e7os da Sociedade de Informa\u00e7\u00e3o e Com\u00e9rcio Eletr\u00f3nico (LSSICE), bem como informar todos os utilizadores do website sobre as condi\u00e7\u00f5es de utiliza\u00e7\u00e3o.<\/p>\n<p>Qualquer pessoa que aceda a este website assume o papel de utilizador, e navegar neste espa\u00e7o implica que leu esta informa\u00e7\u00e3o legal e concorda com ela.<\/p>\n<p>A PRISMA Especialistas en Automoci\u00f3n S.L. reserva-se o direito de modificar qualquer tipo de informa\u00e7\u00e3o que possa aparecer no website, sem que exista qualquer obriga\u00e7\u00e3o de pr\u00e9-notifica\u00e7\u00e3o ou informa\u00e7\u00e3o dos utilizadores de tais obriga\u00e7\u00f5es, sendo entendido como suficiente com a publica\u00e7\u00e3o no site.<\/p>\n<p>Atrav\u00e9s do site, www.grupoprisma.com, oferecemos aos utilizadores a possibilidade de acederem \u00e0 informa\u00e7\u00e3o dos servi\u00e7os e produtos publicados neste espa\u00e7o.<\/p>\n<p>&nbsp;<\/p>\n<p><strong>Propriedade industrial e intelectual<\/strong><\/p>\n<p>Todos os conte\u00fados apresentados neste website, em geral, qualquer cria\u00e7\u00e3o intelectual ou sinais suscet\u00edveis ao uso industrial e\/ou comercial est\u00e3o sujeitos a direitos de Propriedade Intelectual.<\/p>\n<p>A PRISMA Especialistas en Automoci\u00f3n S.L., \u00e9 a propriet\u00e1ria dos elementos que comp\u00f5em o design gr\u00e1fico do Espa\u00e7o Web, os menus, os bot\u00f5es de navega\u00e7\u00e3o, o c\u00f3digo HTML, os textos, imagens, texturas, gr\u00e1ficos e qualquer outro conte\u00fado do Espa\u00e7o Web ou, em qualquer caso, tem a respetiva autoriza\u00e7\u00e3o para a utiliza\u00e7\u00e3o desses elementos.<\/p>\n<p>O conte\u00fado fornecido no Espa\u00e7o Web n\u00e3o pode ser reproduzido total ou parcialmente, ou transmitido, ou registado por qualquer sistema de recupera\u00e7\u00e3o de informa\u00e7\u00f5es, sob qualquer forma ou em qualquer meio, a menos que tenha a autoriza\u00e7\u00e3o pr\u00e9via, por escrito, da entidade acima referida.<\/p>\n<p>Por todas estas raz\u00f5es, o Utilizador compromete-se a n\u00e3o reproduzir, copiar, distribuir, disponibilizar ou de qualquer outra forma comunicar publicamente, transformar ou modificar tais conte\u00fados, mantendo a empresa inofensiva de qualquer reclama\u00e7\u00e3o decorrente da viola\u00e7\u00e3o de tais obriga\u00e7\u00f5es. Em nenhum caso o acesso ao Espa\u00e7o Web implica qualquer tipo de ren\u00fancia, transmiss\u00e3o, licen\u00e7a ou atribui\u00e7\u00e3o total ou parcial desses direitos, salvo indica\u00e7\u00e3o expressa em contr\u00e1rio.<\/p>\n<p>\u00c9 tamb\u00e9m proibido eliminar, evadir e\/ou manipular os &#8220;direitos de autor&#8221;, bem como os dispositivos de prote\u00e7\u00e3o t\u00e9cnica, ou quaisquer mecanismos de informa\u00e7\u00e3o que possam conter o conte\u00fado. O Utilizador deste Espa\u00e7o Web compromete-se a respeitar os direitos estabelecidos e a evitar qualquer a\u00e7\u00e3o que os possa prejudicar, reservando em qualquer caso o exerc\u00edcio de quaisquer meios ou a\u00e7\u00f5es legais que lhe correspondam em defesa dos seus leg\u00edtimos direitos de propriedade intelectual e industrial.<\/p>\n<p>&nbsp;<\/p>\n<p><strong>Responsabilidades<\/strong><\/p>\n<p>N\u00e3o \u00e9 garantido o acesso cont\u00ednuo, nem a visualiza\u00e7\u00e3o correta, o download ou a utilidade dos elementos e informa\u00e7\u00f5es contidos na web que possam ser impedidos, dificultados ou interrompidos por fatores ou circunst\u00e2ncias que est\u00e3o fora do seu controlo. N\u00e3o \u00e9 respons\u00e1vel pelas decis\u00f5es que podem ser tomadas em resultado do acesso ao conte\u00fado ou informa\u00e7\u00e3o oferecido.<\/p>\n<p>O servi\u00e7o pode ser interrompido, ou a rela\u00e7\u00e3o com o Utilizador pode ser terminada imediatamente, se for detetado que a utiliza\u00e7\u00e3o do seu Espa\u00e7o Web, ou de qualquer dos servi\u00e7os nele oferecidos, \u00e9 contr\u00e1ria \u00e0s presentes Condi\u00e7\u00f5es Gerais de Utiliza\u00e7\u00e3o. N\u00e3o somos respons\u00e1veis por danos, perdas, reclama\u00e7\u00f5es ou despesas decorrentes da utiliza\u00e7\u00e3o do Espa\u00e7o Web.<\/p>\n<p>S\u00f3 ser\u00e1 respons\u00e1vel pela supress\u00e3o, o mais rapidamente poss\u00edvel, dos conte\u00fados que possam gerar tais danos, desde que este seja notificado. Em particular, n\u00e3o seremos respons\u00e1veis por quaisquer danos que possam surgir, entre outros, de:<\/p>\n<ol>\n<li>Interfer\u00eancias, interrup\u00e7\u00f5es, falhas, omiss\u00f5es, avarias telef\u00f3nicas, atrasos, bloqueios ou desconex\u00f5es no funcionamento do sistema eletr\u00f3nico, causadas por defici\u00eancias, sobrecargas e erros nas linhas e redes de telecomunica\u00e7\u00f5es, ou por qualquer outra causa fora do controlo da empresa.<\/li>\n<li>Intrus\u00f5es ileg\u00edtimas atrav\u00e9s do uso de programas maliciosos de qualquer tipo e atrav\u00e9s de qualquer meio de comunica\u00e7\u00e3o, tais como v\u00edrus inform\u00e1ticos ou qualquer outro.<\/li>\n<li>Abuso impr\u00f3prio ou inadequado do Espa\u00e7o Web.<\/li>\n<li>Erros de seguran\u00e7a ou de navega\u00e7\u00e3o causados por uma avaria no navegador ou pela utiliza\u00e7\u00e3o de vers\u00f5es n\u00e3o atualizadas do mesmo. O administrador do espa\u00e7o web reserva-se o direito de retirar, total ou parcialmente, qualquer conte\u00fado ou informa\u00e7\u00e3o presente no Espa\u00e7o Web.<br \/>A empresa exclui qualquer responsabilidade por danos de qualquer tipo que possam dever-se ao uso indevido dos servi\u00e7os dispon\u00edveis e utilizados pelos Utilizadores da Espacio Web. Est\u00e1 tamb\u00e9m isenta de qualquer responsabilidade pelo conte\u00fado e informa\u00e7\u00e3o que possam ser recebidos em resultado dos formul\u00e1rios de recolha de dados, sendo o mesmo apenas para a presta\u00e7\u00e3o dos servi\u00e7os de consultas e d\u00favidas. Por outro lado, em caso de danos causados por uma utiliza\u00e7\u00e3o il\u00edcita ou incorreta dos referidos servi\u00e7os, o Utilizador pode ser reclamado pelos danos causados.<\/li>\n<\/ol>\n<p>Ir\u00e1 responsabilizar a empresa por quaisquer danos decorrentes de reclama\u00e7\u00f5es, a\u00e7\u00f5es ou exig\u00eancias de terceiros em resultado do seu acesso ou utiliza\u00e7\u00e3o do Espa\u00e7o Web. Da mesma forma, concorda em indemnizar contra quaisquer danos decorrentes da sua utiliza\u00e7\u00e3o de &#8220;rob\u00f4s&#8221;, &#8220;aranhas&#8221;, &#8220;crawlers&#8221; ou ferramentas semelhantes usadas para efeitos de recolha ou extra\u00e7\u00e3o de dados ou qualquer outra a\u00e7\u00e3o da sua parte que imponha um encargo irracional ao funcionamento do Espa\u00e7o Web.<\/p>\n<p>&nbsp;<\/p>\n<p><strong>Hiperliga\u00e7\u00f5es<\/strong><\/p>\n<p>O Utilizador compromete-se a n\u00e3o reproduzir de forma alguma, nem mesmo atrav\u00e9s de uma hiperliga\u00e7\u00e3o ou hiperliga\u00e7\u00e3o, o Espa\u00e7o Web, bem como qualquer um dos seus conte\u00fados, a menos que expressamente autorizado por escrito pelo respons\u00e1vel pelo ficheiro.<\/p>\n<p>O Espa\u00e7o Web pode incluir links para outros espa\u00e7os web, geridos por terceiros, de forma a facilitar o acesso do Utilizador \u00e0 informa\u00e7\u00e3o de empresas colaboradoras e\/ou patrocinadoras. De acordo com isto, a empresa n\u00e3o se responsabiliza pelo conte\u00fado destes Espa\u00e7os Web, nem est\u00e1 numa posi\u00e7\u00e3o de fiador ou\/ou parte que ofere\u00e7a os servi\u00e7os e\/ou informa\u00e7\u00f5es que possam ser oferecidas a terceiros atrav\u00e9s dos links de terceiros.<\/p>\n<p>Ao Utilizador \u00e9 concedido um direito limitado, revog\u00e1vel e n\u00e3o exclusivo de criar links para a p\u00e1gina principal do Espa\u00e7o Web exclusivamente para uso privado e n\u00e3o comercial. Espa\u00e7os Web que incluem uma liga\u00e7\u00e3o ao nosso Espa\u00e7o Web i N\u00e3o podem deturpar a sua rela\u00e7\u00e3o ou alegar que tal liga\u00e7\u00e3o foi autorizada, ou incluir marcas, denomina\u00e7\u00f5es, nomes comerciais, log\u00f3tipos ou outros sinais distintivos da nossa empresa; ii n\u00e3o incluir conte\u00fados considerados desagrad\u00e1veis, obscenos, ofensivos, controversos, incitem \u00e0 viol\u00eancia ou \u00e0 discrimina\u00e7\u00e3o com base no sexo, ra\u00e7a ou religi\u00e3o, contr\u00e1rios \u00e0 ordem p\u00fablica ou ilegais; (iii) n\u00e3o pode ligar-se a nenhuma p\u00e1gina do Espa\u00e7o Web que n\u00e3o seja a p\u00e1gina principal; (iv) deve ligar-se ao endere\u00e7o do pr\u00f3prio Espa\u00e7o Web, sem permitir o Espa\u00e7o Web que faz a liga\u00e7\u00e3o para reproduzir o Espa\u00e7o Web como parte do seu website ou dentro de um dos seus &#8220;quadros&#8221; ou criar um &#8220;browser&#8221; em qualquer uma das p\u00e1ginas do Espa\u00e7o Web. A empresa pode solicitar, a qualquer momento, que remova qualquer liga\u00e7\u00e3o ao Espa\u00e7o Web, ap\u00f3s o qual dever\u00e1 proceder imediatamente \u00e0 sua elimina\u00e7\u00e3o.<\/p>\n<p>A empresa n\u00e3o pode controlar as informa\u00e7\u00f5es, conte\u00fados, produtos ou servi\u00e7os fornecidos por outros Espa\u00e7os Web que estabeleceram liga\u00e7\u00f5es ao Espa\u00e7o Web.<\/p>\n<p>[\/et_pb_text][\/et_pb_column][\/et_pb_row][\/et_pb_section]<\/p>\n","protected":false},"excerpt":{"rendered":"<p>Aviso legalO site www.grupoprisma.com e seus conte\u00fados pertencem e s\u00e3o geridos pela PRISMA Especialistas en Automoci\u00f3n S.L. com endere\u00e7o na Paseo Imperial 8, Madrid (Espanha) e CIF B82217746. &nbsp; Objeto A PRISMA Especialistas en Automoci\u00f3n S.L., respons\u00e1vel pelo site, disponibiliza este documento aos utilizadores, com os quais pretende cumprir as obriga\u00e7\u00f5es estabelecidas na Lei 34\/2002, [&hellip;]<\/p>\n","protected":false},"author":2,"featured_media":0,"parent":0,"menu_order":0,"comment_status":"closed","ping_status":"closed","template":"","meta":{"_et_pb_use_builder":"on","_et_pb_old_content":"","_et_gb_content_width":"","footnotes":""},"class_list":["post-10918","page","type-page","status-publish","hentry"],"yoast_head":"<!-- This site is optimized with the Yoast SEO plugin v19.10 - https:\/\/yoast.com\/wordpress\/plugins\/seo\/ -->\r\n<title>Aviso legal - Grupo Prisma<\/title>\r\n<meta name=\"robots\" content=\"index, follow, max-snippet:-1, max-image-preview:large, max-video-preview:-1\" \/>\r\n<link rel=\"canonical\" href=\"https:\/\/grupoprisma.com\/pt-pt\/aviso-legal\/\" \/>\r\n<meta property=\"og:locale\" content=\"pt_PT\" \/>\r\n<meta property=\"og:type\" content=\"article\" \/>\r\n<meta property=\"og:title\" content=\"Aviso legal - Grupo Prisma\" \/>\r\n<meta property=\"og:description\" content=\"Aviso legalO site www.grupoprisma.com e seus conte\u00fados pertencem e s\u00e3o geridos pela PRISMA Especialistas en Automoci\u00f3n S.L. com endere\u00e7o na Paseo Imperial 8, Madrid (Espanha) e CIF B82217746. &nbsp; Objeto A PRISMA Especialistas en Automoci\u00f3n S.L., respons\u00e1vel pelo site, disponibiliza este documento aos utilizadores, com os quais pretende cumprir as obriga\u00e7\u00f5es estabelecidas na Lei 34\/2002, [&hellip;]\" \/>\r\n<meta property=\"og:url\" content=\"https:\/\/grupoprisma.com\/pt-pt\/aviso-legal\/\" \/>\r\n<meta property=\"og:site_name\" content=\"Grupo Prisma\" \/>\r\n<meta property=\"article:modified_time\" content=\"2022-05-09T15:14:37+00:00\" \/>\r\n<meta name=\"twitter:card\" content=\"summary_large_image\" \/>\r\n<meta name=\"twitter:label1\" content=\"Tempo estimado de leitura\" \/>\n\t<meta name=\"twitter:data1\" content=\"8 minutos\" \/>\r\n<script type=\"application\/ld+json\" class=\"yoast-schema-graph\">{\"@context\":\"https:\/\/schema.org\",\"@graph\":[{\"@type\":\"WebPage\",\"@id\":\"https:\/\/grupoprisma.com\/pt-pt\/aviso-legal\/\",\"url\":\"https:\/\/grupoprisma.com\/pt-pt\/aviso-legal\/\",\"name\":\"Aviso legal - Grupo Prisma\",\"isPartOf\":{\"@id\":\"https:\/\/grupoprisma.com\/pt-pt\/#website\"},\"datePublished\":\"2021-09-28T09:01:48+00:00\",\"dateModified\":\"2022-05-09T15:14:37+00:00\",\"inLanguage\":\"pt-PT\",\"potentialAction\":[{\"@type\":\"ReadAction\",\"target\":[\"https:\/\/grupoprisma.com\/pt-pt\/aviso-legal\/\"]}]},{\"@type\":\"WebSite\",\"@id\":\"https:\/\/grupoprisma.com\/pt-pt\/#website\",\"url\":\"https:\/\/grupoprisma.com\/pt-pt\/\",\"name\":\"Grupo Prisma\",\"description\":\"Prisma especialistas en automoci\u00f3n\",\"publisher\":{\"@id\":\"https:\/\/grupoprisma.com\/pt-pt\/#organization\"},\"potentialAction\":[{\"@type\":\"SearchAction\",\"target\":{\"@type\":\"EntryPoint\",\"urlTemplate\":\"https:\/\/grupoprisma.com\/pt-pt\/?s={search_term_string}\"},\"query-input\":\"required name=search_term_string\"}],\"inLanguage\":\"pt-PT\"},{\"@type\":\"Organization\",\"@id\":\"https:\/\/grupoprisma.com\/pt-pt\/#organization\",\"name\":\"Grupo Prisma: Especialistas en automoci\u00f3n\",\"url\":\"https:\/\/grupoprisma.com\/pt-pt\/\",\"logo\":{\"@type\":\"ImageObject\",\"inLanguage\":\"pt-PT\",\"@id\":\"https:\/\/grupoprisma.com\/pt-pt\/#\/schema\/logo\/image\/\",\"url\":\"https:\/\/grupoprisma.com\/wp-content\/uploads\/2022\/01\/logo-de-grupo-prisma-especialistas-en-automocion.png\",\"contentUrl\":\"https:\/\/grupoprisma.com\/wp-content\/uploads\/2022\/01\/logo-de-grupo-prisma-especialistas-en-automocion.png\",\"width\":4431,\"height\":500,\"caption\":\"Grupo Prisma: Especialistas en automoci\u00f3n\"},\"image\":{\"@id\":\"https:\/\/grupoprisma.com\/pt-pt\/#\/schema\/logo\/image\/\"}}]}<\/script>\r\n<!-- \/ Yoast SEO plugin. -->","yoast_head_json":{"title":"Aviso legal - Grupo Prisma","robots":{"index":"index","follow":"follow","max-snippet":"max-snippet:-1","max-image-preview":"max-image-preview:large","max-video-preview":"max-video-preview:-1"},"canonical":"https:\/\/grupoprisma.com\/pt-pt\/aviso-legal\/","og_locale":"pt_PT","og_type":"article","og_title":"Aviso legal - Grupo Prisma","og_description":"Aviso legalO site www.grupoprisma.com e seus conte\u00fados pertencem e s\u00e3o geridos pela PRISMA Especialistas en Automoci\u00f3n S.L. com endere\u00e7o na Paseo Imperial 8, Madrid (Espanha) e CIF B82217746. &nbsp; Objeto A PRISMA Especialistas en Automoci\u00f3n S.L., respons\u00e1vel pelo site, disponibiliza este documento aos utilizadores, com os quais pretende cumprir as obriga\u00e7\u00f5es estabelecidas na Lei 34\/2002, [&hellip;]","og_url":"https:\/\/grupoprisma.com\/pt-pt\/aviso-legal\/","og_site_name":"Grupo Prisma","article_modified_time":"2022-05-09T15:14:37+00:00","twitter_card":"summary_large_image","twitter_misc":{"Tempo estimado de leitura":"8 minutos"},"schema":{"@context":"https:\/\/schema.org","@graph":[{"@type":"WebPage","@id":"https:\/\/grupoprisma.com\/pt-pt\/aviso-legal\/","url":"https:\/\/grupoprisma.com\/pt-pt\/aviso-legal\/","name":"Aviso legal - Grupo Prisma","isPartOf":{"@id":"https:\/\/grupoprisma.com\/pt-pt\/#website"},"datePublished":"2021-09-28T09:01:48+00:00","dateModified":"2022-05-09T15:14:37+00:00","inLanguage":"pt-PT","potentialAction":[{"@type":"ReadAction","target":["https:\/\/grupoprisma.com\/pt-pt\/aviso-legal\/"]}]},{"@type":"WebSite","@id":"https:\/\/grupoprisma.com\/pt-pt\/#website","url":"https:\/\/grupoprisma.com\/pt-pt\/","name":"Grupo Prisma","description":"Prisma especialistas en automoci\u00f3n","publisher":{"@id":"https:\/\/grupoprisma.com\/pt-pt\/#organization"},"potentialAction":[{"@type":"SearchAction","target":{"@type":"EntryPoint","urlTemplate":"https:\/\/grupoprisma.com\/pt-pt\/?s={search_term_string}"},"query-input":"required name=search_term_string"}],"inLanguage":"pt-PT"},{"@type":"Organization","@id":"https:\/\/grupoprisma.com\/pt-pt\/#organization","name":"Grupo Prisma: Especialistas en automoci\u00f3n","url":"https:\/\/grupoprisma.com\/pt-pt\/","logo":{"@type":"ImageObject","inLanguage":"pt-PT","@id":"https:\/\/grupoprisma.com\/pt-pt\/#\/schema\/logo\/image\/","url":"https:\/\/grupoprisma.com\/wp-content\/uploads\/2022\/01\/logo-de-grupo-prisma-especialistas-en-automocion.png","contentUrl":"https:\/\/grupoprisma.com\/wp-content\/uploads\/2022\/01\/logo-de-grupo-prisma-especialistas-en-automocion.png","width":4431,"height":500,"caption":"Grupo Prisma: Especialistas en automoci\u00f3n"},"image":{"@id":"https:\/\/grupoprisma.com\/pt-pt\/#\/schema\/logo\/image\/"}}]}},"_links":{"self":[{"href":"https:\/\/grupoprisma.com\/pt-pt\/wp-json\/wp\/v2\/pages\/10918"}],"collection":[{"href":"https:\/\/grupoprisma.com\/pt-pt\/wp-json\/wp\/v2\/pages"}],"about":[{"href":"https:\/\/grupoprisma.com\/pt-pt\/wp-json\/wp\/v2\/types\/page"}],"author":[{"embeddable":true,"href":"https:\/\/grupoprisma.com\/pt-pt\/wp-json\/wp\/v2\/users\/2"}],"replies":[{"embeddable":true,"href":"https:\/\/grupoprisma.com\/pt-pt\/wp-json\/wp\/v2\/comments?post=10918"}],"version-history":[{"count":1,"href":"https:\/\/grupoprisma.com\/pt-pt\/wp-json\/wp\/v2\/pages\/10918\/revisions"}],"predecessor-version":[{"id":10923,"href":"https:\/\/grupoprisma.com\/pt-pt\/wp-json\/wp\/v2\/pages\/10918\/revisions\/10923"}],"wp:attachment":[{"href":"https:\/\/grupoprisma.com\/pt-pt\/wp-json\/wp\/v2\/media?parent=10918"}],"curies":[{"name":"wp","href":"https:\/\/api.w.org\/{rel}","templated":true}]}}